{"id":1274,"date":"2021-08-02T11:27:51","date_gmt":"2021-08-02T11:27:51","guid":{"rendered":"https:\/\/www.multitra.com\/mentions-legales\/"},"modified":"2021-12-01T14:55:50","modified_gmt":"2021-12-01T14:55:50","slug":"mentions-legales","status":"publish","type":"page","link":"https:\/\/www.multitra.com\/en\/mentions-legales\/","title":{"rendered":"Legal Notice"},"content":{"rendered":"<header class=\"entry-header\">\n<h2 class=\"entry-title\">Notre groupe<\/h2>\n<\/header>\n<div class=\"entry-content\">\n<h4><strong>MULTITRA <\/strong><br \/>\n<strong>Organisation de transports internationaux et logistique d\u2019entreprises.<\/strong><\/h4>\n<p>Parc d\u2019activit\u00e9s \u00e9conomiques \u201cLes Pl\u00e9nesses\u201d<br \/>\nRue Z\u00e9nobe Gramme 41<br \/>\n4821 ANDRIMONT<br \/>\nBelgique<\/p>\n<p>GPS :<br \/>\nLatitude : 50\u00b037\u201946\u201d N<br \/>\nLongitude : 5\u00b053\u201901\u201d E<\/p>\n<\/div>\n<h4><strong>MULTITRA srl<\/strong><\/h4>\n<p>Licence de Commissionnaire de Transport n\u00b0 2522001 \u2013 <a href=\"https:\/\/mobilit.belgium.be\/fr\">SPF mobilit\u00e9<\/a><br \/>\nN\u00b0 d\u2019entreprise : RPM Verviers \u2013 TVA BE 0463.851.129<\/p>\n<p>T\u00e9l.: +32 87 32 30 30<br \/>\nFax: +32 87 32 30 39<br \/>\ne-mail : <a href=\"mailto:multitra@multitra.com\">multitra@multitra.com<\/a><br \/>\nurl : <a href=\"https:\/\/www.multitra.com\/?lang=en\">www.multitra.com<\/a><\/p>\n<h4><strong>MULTITRA Sud sarl<br \/>\n<\/strong><\/h4>\n<p>Num\u00e9ro identification intracommunautaire : LU 270 80 567<\/p>\n<p>Duarrefstrooss 1<br \/>\n9990 WEISWAMPACH<\/p>\n<p>T\u00e9l.: +352 26 90 88 54<br \/>\nFax : +352 26 99 70 51<br \/>\ne-mail : <a href=\"mailto:multitrasud@multitra.com\">multitrasud@multitra.com<\/a><br \/>\nurl : <a href=\"https:\/\/www.multitra.com\/?lang=en\">www.multitra.com<\/a><\/p>\n<h4><strong>MULTITRA Logistics srl<\/strong><\/h4>\n<p>Licence de Commissionnaire de Transport n\u00b0 3465001 \u2013 <a href=\"https:\/\/mobilit.belgium.be\/fr\">SPF mobilit\u00e9<\/a><br \/>\nN\u00b0 d\u2019entreprise : RPM Verviers \u2013 TVA BE 0556.654.591<\/p>\n<p>T\u00e9l.: +32 87 88 07 57<br \/>\nFax : +32 87 33 79 38<br \/>\ne-mail : <a href=\"mailto:multitralogistics@multitra.com\">multitralogistics@multitra.com<\/a><br \/>\nurl : <a href=\"https:\/\/www.multitra.com\/?lang=en\">www.multitra.com<\/a><\/p>\n<h4>Si\u00e8ge d\u2019exploitation\u00a0:<\/h4>\n<p>Position strat\u00e9gique au coeur de l\u2019Europe<\/p>\n<ul>\n<li>au c\u0153ur du r\u00e9seau <strong>autoroutier international<\/strong> de l\u2019<strong>Eur\u00e9gio<\/strong> (Li\u00e8ge\/Maastricht\/Aachen)<\/li>\n<li>\u00e0 proximit\u00e9 directe du <strong>port de Li\u00e8ge<\/strong> (3<sup>\u00e8me<\/sup> port fluvial europ\u00e9en) et du <strong>port d\u2019Anvers<\/strong> (2<sup>\u00e8me<\/sup> port maritime europ\u00e9en)<\/li>\n<li>\u00e0 proximit\u00e9 de plusieurs <strong>a\u00e9roports internationaux<\/strong> (Li\u00e8ge, Charleroi, Bruxelles, Anvers, Maastricht, K\u00f6ln, Frankfurt, Luxembourg, Paris)<\/li>\n<\/ul>\n<p>&nbsp;<\/p>\n","protected":false},"excerpt":{"rendered":"<p>Notre groupe MULTITRA Organisation de transports internationaux et logistique d\u2019entreprises. Parc d\u2019activit\u00e9s \u00e9conomiques \u201cLes Pl\u00e9nesses\u201d Rue Z\u00e9nobe Gramme 41 4821 ANDRIMONT Belgique GPS : Latitude : 50\u00b037\u201946\u201d N Longitude : 5\u00b053\u201901\u201d E MULTITRA srl Licence de Commissionnaire de Transport n\u00b0 2522001 \u2013 SPF mobilit\u00e9 N\u00b0 d\u2019entreprise : RPM Verviers \u2013 TVA BE 0463.851.129 T\u00e9l.: +32 [&hellip;]<\/p>\n","protected":false},"author":1,"featured_media":0,"parent":0,"menu_order":0,"comment_status":"closed","ping_status":"closed","template":"template-page\/generique-page.php","meta":{"_acf_changed":false,"inline_featured_image":false,"footnotes":""},"class_list":["post-1274","page","type-page","status-publish","hentry"],"acf":[],"yoast_head":"<!-- This site is optimized with the Yoast SEO plugin v27.4 - https:\/\/yoast.com\/product\/yoast-seo-wordpress\/ -->\n<title>Legal Notice - Multitra<\/title>\n<meta name=\"robots\" content=\"index, follow, max-snippet:-1, max-image-preview:large, max-video-preview:-1\" \/>\n<link rel=\"canonical\" href=\"https:\/\/www.multitra.com\/mentions-legales\/?lang=en\" \/>\n<meta property=\"og:locale\" content=\"en_US\" \/>\n<meta property=\"og:type\" content=\"article\" \/>\n<meta property=\"og:title\" content=\"Legal Notice - Multitra\" \/>\n<meta property=\"og:description\" content=\"Notre groupe MULTITRA Organisation de transports internationaux et logistique d\u2019entreprises. Parc d\u2019activit\u00e9s \u00e9conomiques \u201cLes Pl\u00e9nesses\u201d Rue Z\u00e9nobe Gramme 41 4821 ANDRIMONT Belgique GPS : Latitude : 50\u00b037\u201946\u201d N Longitude : 5\u00b053\u201901\u201d E MULTITRA srl Licence de Commissionnaire de Transport n\u00b0 2522001 \u2013 SPF mobilit\u00e9 N\u00b0 d\u2019entreprise : RPM Verviers \u2013 TVA BE 0463.851.129 T\u00e9l.: +32 [&hellip;]\" \/>\n<meta property=\"og:url\" content=\"https:\/\/www.multitra.com\/mentions-legales\/?lang=en\" \/>\n<meta property=\"og:site_name\" content=\"Multitra\" \/>\n<meta property=\"article:modified_time\" content=\"2021-12-01T14:55:50+00:00\" \/>\n<meta name=\"twitter:card\" content=\"summary_large_image\" \/>\n<meta name=\"twitter:label1\" content=\"Est. reading time\" \/>\n\t<meta name=\"twitter:data1\" content=\"1 minute\" \/>\n<script type=\"application\/ld+json\" class=\"yoast-schema-graph\">{\"@context\":\"https:\\\/\\\/schema.org\",\"@graph\":[{\"@type\":\"WebPage\",\"@id\":\"https:\\\/\\\/www.multitra.com\\\/mentions-legales\\\/?lang=en\",\"url\":\"https:\\\/\\\/www.multitra.com\\\/mentions-legales\\\/?lang=en\",\"name\":\"Legal Notice - Multitra\",\"isPartOf\":{\"@id\":\"https:\\\/\\\/www.multitra.com\\\/#website\"},\"datePublished\":\"2021-08-02T11:27:51+00:00\",\"dateModified\":\"2021-12-01T14:55:50+00:00\",\"breadcrumb\":{\"@id\":\"https:\\\/\\\/www.multitra.com\\\/mentions-legales\\\/?lang=en#breadcrumb\"},\"inLanguage\":\"en-US\",\"potentialAction\":[{\"@type\":\"ReadAction\",\"target\":[\"https:\\\/\\\/www.multitra.com\\\/mentions-legales\\\/?lang=en\"]}]},{\"@type\":\"BreadcrumbList\",\"@id\":\"https:\\\/\\\/www.multitra.com\\\/mentions-legales\\\/?lang=en#breadcrumb\",\"itemListElement\":[{\"@type\":\"ListItem\",\"position\":1,\"name\":\"Accueil\",\"item\":\"https:\\\/\\\/www.multitra.com\\\/en\\\/\"},{\"@type\":\"ListItem\",\"position\":2,\"name\":\"Legal Notice\"}]},{\"@type\":\"WebSite\",\"@id\":\"https:\\\/\\\/www.multitra.com\\\/#website\",\"url\":\"https:\\\/\\\/www.multitra.com\\\/\",\"name\":\"Multitra\",\"description\":\"Votre partenaire logistique\",\"potentialAction\":[{\"@type\":\"SearchAction\",\"target\":{\"@type\":\"EntryPoint\",\"urlTemplate\":\"https:\\\/\\\/www.multitra.com\\\/?s={search_term_string}\"},\"query-input\":{\"@type\":\"PropertyValueSpecification\",\"valueRequired\":true,\"valueName\":\"search_term_string\"}}],\"inLanguage\":\"en-US\"}]}<\/script>\n<!-- \/ Yoast SEO plugin. -->","yoast_head_json":{"title":"Legal Notice - Multitra","robots":{"index":"index","follow":"follow","max-snippet":"max-snippet:-1","max-image-preview":"max-image-preview:large","max-video-preview":"max-video-preview:-1"},"canonical":"https:\/\/www.multitra.com\/mentions-legales\/?lang=en","og_locale":"en_US","og_type":"article","og_title":"Legal Notice - Multitra","og_description":"Notre groupe MULTITRA Organisation de transports internationaux et logistique d\u2019entreprises. Parc d\u2019activit\u00e9s \u00e9conomiques \u201cLes Pl\u00e9nesses\u201d Rue Z\u00e9nobe Gramme 41 4821 ANDRIMONT Belgique GPS : Latitude : 50\u00b037\u201946\u201d N Longitude : 5\u00b053\u201901\u201d E MULTITRA srl Licence de Commissionnaire de Transport n\u00b0 2522001 \u2013 SPF mobilit\u00e9 N\u00b0 d\u2019entreprise : RPM Verviers \u2013 TVA BE 0463.851.129 T\u00e9l.: +32 [&hellip;]","og_url":"https:\/\/www.multitra.com\/mentions-legales\/?lang=en","og_site_name":"Multitra","article_modified_time":"2021-12-01T14:55:50+00:00","twitter_card":"summary_large_image","twitter_misc":{"Est. reading time":"1 minute"},"schema":{"@context":"https:\/\/schema.org","@graph":[{"@type":"WebPage","@id":"https:\/\/www.multitra.com\/mentions-legales\/?lang=en","url":"https:\/\/www.multitra.com\/mentions-legales\/?lang=en","name":"Legal Notice - Multitra","isPartOf":{"@id":"https:\/\/www.multitra.com\/#website"},"datePublished":"2021-08-02T11:27:51+00:00","dateModified":"2021-12-01T14:55:50+00:00","breadcrumb":{"@id":"https:\/\/www.multitra.com\/mentions-legales\/?lang=en#breadcrumb"},"inLanguage":"en-US","potentialAction":[{"@type":"ReadAction","target":["https:\/\/www.multitra.com\/mentions-legales\/?lang=en"]}]},{"@type":"BreadcrumbList","@id":"https:\/\/www.multitra.com\/mentions-legales\/?lang=en#breadcrumb","itemListElement":[{"@type":"ListItem","position":1,"name":"Accueil","item":"https:\/\/www.multitra.com\/en\/"},{"@type":"ListItem","position":2,"name":"Legal Notice"}]},{"@type":"WebSite","@id":"https:\/\/www.multitra.com\/#website","url":"https:\/\/www.multitra.com\/","name":"Multitra","description":"Votre partenaire logistique","potentialAction":[{"@type":"SearchAction","target":{"@type":"EntryPoint","urlTemplate":"https:\/\/www.multitra.com\/?s={search_term_string}"},"query-input":{"@type":"PropertyValueSpecification","valueRequired":true,"valueName":"search_term_string"}}],"inLanguage":"en-US"}]}},"_links":{"self":[{"href":"https:\/\/www.multitra.com\/en\/wp-json\/wp\/v2\/pages\/1274","targetHints":{"allow":["GET"]}}],"collection":[{"href":"https:\/\/www.multitra.com\/en\/wp-json\/wp\/v2\/pages"}],"about":[{"href":"https:\/\/www.multitra.com\/en\/wp-json\/wp\/v2\/types\/page"}],"author":[{"embeddable":true,"href":"https:\/\/www.multitra.com\/en\/wp-json\/wp\/v2\/users\/1"}],"replies":[{"embeddable":true,"href":"https:\/\/www.multitra.com\/en\/wp-json\/wp\/v2\/comments?post=1274"}],"version-history":[{"count":3,"href":"https:\/\/www.multitra.com\/en\/wp-json\/wp\/v2\/pages\/1274\/revisions"}],"predecessor-version":[{"id":1313,"href":"https:\/\/www.multitra.com\/en\/wp-json\/wp\/v2\/pages\/1274\/revisions\/1313"}],"wp:attachment":[{"href":"https:\/\/www.multitra.com\/en\/wp-json\/wp\/v2\/media?parent=1274"}],"curies":[{"name":"wp","href":"https:\/\/api.w.org\/{rel}","templated":true}]}}