{"id":1272,"date":"2021-08-02T11:28:06","date_gmt":"2021-08-02T11:28:06","guid":{"rendered":"https:\/\/www.multitra.com\/conditions-generales\/"},"modified":"2021-12-01T12:53:28","modified_gmt":"2021-12-01T12:53:28","slug":"conditions-generales","status":"publish","type":"page","link":"https:\/\/www.multitra.com\/en\/conditions-generales\/","title":{"rendered":"Terms and conditions"},"content":{"rendered":"<p>Toutes les prestations de MULTITRA et de MULTITRA LOGISTICS sont soumises aux <strong>conditions g\u00e9n\u00e9rales belges d\u2019exp\u00e9dition de 2005<\/strong>.<br \/>\nLe texte de ces conditions a \u00e9t\u00e9 publi\u00e9 dans l\u2019annexe au moniteur Belge du 24 juin 2005 sous le n\u00b0 0090237 et est disponible sur simple demande. Il peut aussi \u00eatre visualis\u00e9 en ligne en mode image :\u00a0 <a href=\"https:\/\/www.multitra.com\/wp-content\/uploads\/2021\/11\/CONGENBEEX-ConditionsGeneralesBelgesExpedition.pdf\">Conditions g\u00e9n\u00e9rales belges d&#8217;exp\u00e9dition.<\/a><\/p>\n<p>Nos factures sont strictement payables \u00e0 \u00e9ch\u00e9ance.<br \/>\nToute r\u00e9clamation doit se faire par recommand\u00e9 end\u00e9ans les 8 jours.<br \/>\nLes factures non pay\u00e9es \u00e0 l\u2019\u00e9ch\u00e9ance porteront de plein droit un int\u00e9r\u00eat de 10 % l\u2019an, ainsi qu\u2019une indemnit\u00e9 conventionnelle de 10 %.\u00a0 Les int\u00e9r\u00eats de retard sont dus automatiquement, de plein droit et sans mise en demeure pr\u00e9alable, d\u00e8s l\u2019\u00e9ch\u00e9ance de la facture.<\/p>\n<p>En cas de litige, les tribunaux de Verviers sont seuls comp\u00e9tents.<\/p>\n<p>Les prestations de MULTITRA Sud sont soumises \u00e0 <strong>nos conditions g\u00e9n\u00e9rales de prestations logistiques <\/strong>: <a href=\"https:\/\/www.multitra.com\/wp-content\/uploads\/2021\/11\/ConditionsGeneralesPrestationsLogistiquesSUD.pdf\">Consultez ici nos conditions.<\/a><\/p>\n","protected":false},"excerpt":{"rendered":"<p>Toutes les prestations de MULTITRA et de MULTITRA LOGISTICS sont soumises aux conditions g\u00e9n\u00e9rales belges d\u2019exp\u00e9dition de 2005. Le texte de ces conditions a \u00e9t\u00e9 publi\u00e9 dans l\u2019annexe au moniteur Belge du 24 juin 2005 sous le n\u00b0 0090237 et est disponible sur simple demande. Il peut aussi \u00eatre visualis\u00e9 en ligne en mode image [&hellip;]<\/p>\n","protected":false},"author":1,"featured_media":0,"parent":0,"menu_order":0,"comment_status":"closed","ping_status":"closed","template":"template-page\/generique-page.php","meta":{"_acf_changed":false,"inline_featured_image":false,"footnotes":""},"class_list":["post-1272","page","type-page","status-publish","hentry"],"acf":[],"yoast_head":"<!-- This site is optimized with the Yoast SEO plugin v27.4 - https:\/\/yoast.com\/product\/yoast-seo-wordpress\/ -->\n<title>Terms and conditions - Multitra<\/title>\n<meta name=\"robots\" content=\"index, follow, max-snippet:-1, max-image-preview:large, max-video-preview:-1\" \/>\n<link rel=\"canonical\" href=\"https:\/\/www.multitra.com\/conditions-generales\/?lang=en\" \/>\n<meta property=\"og:locale\" content=\"en_US\" \/>\n<meta property=\"og:type\" content=\"article\" \/>\n<meta property=\"og:title\" content=\"Terms and conditions - Multitra\" \/>\n<meta property=\"og:description\" content=\"Toutes les prestations de MULTITRA et de MULTITRA LOGISTICS sont soumises aux conditions g\u00e9n\u00e9rales belges d\u2019exp\u00e9dition de 2005. Le texte de ces conditions a \u00e9t\u00e9 publi\u00e9 dans l\u2019annexe au moniteur Belge du 24 juin 2005 sous le n\u00b0 0090237 et est disponible sur simple demande. Il peut aussi \u00eatre visualis\u00e9 en ligne en mode image [&hellip;]\" \/>\n<meta property=\"og:url\" content=\"https:\/\/www.multitra.com\/conditions-generales\/?lang=en\" \/>\n<meta property=\"og:site_name\" content=\"Multitra\" \/>\n<meta property=\"article:modified_time\" content=\"2021-12-01T12:53:28+00:00\" \/>\n<meta name=\"twitter:card\" content=\"summary_large_image\" \/>\n<meta name=\"twitter:label1\" content=\"Est. reading time\" \/>\n\t<meta name=\"twitter:data1\" content=\"1 minute\" \/>\n<script type=\"application\/ld+json\" class=\"yoast-schema-graph\">{\"@context\":\"https:\\\/\\\/schema.org\",\"@graph\":[{\"@type\":\"WebPage\",\"@id\":\"https:\\\/\\\/www.multitra.com\\\/conditions-generales\\\/?lang=en\",\"url\":\"https:\\\/\\\/www.multitra.com\\\/conditions-generales\\\/?lang=en\",\"name\":\"Terms and conditions - Multitra\",\"isPartOf\":{\"@id\":\"https:\\\/\\\/www.multitra.com\\\/#website\"},\"datePublished\":\"2021-08-02T11:28:06+00:00\",\"dateModified\":\"2021-12-01T12:53:28+00:00\",\"breadcrumb\":{\"@id\":\"https:\\\/\\\/www.multitra.com\\\/conditions-generales\\\/?lang=en#breadcrumb\"},\"inLanguage\":\"en-US\",\"potentialAction\":[{\"@type\":\"ReadAction\",\"target\":[\"https:\\\/\\\/www.multitra.com\\\/conditions-generales\\\/?lang=en\"]}]},{\"@type\":\"BreadcrumbList\",\"@id\":\"https:\\\/\\\/www.multitra.com\\\/conditions-generales\\\/?lang=en#breadcrumb\",\"itemListElement\":[{\"@type\":\"ListItem\",\"position\":1,\"name\":\"Accueil\",\"item\":\"https:\\\/\\\/www.multitra.com\\\/en\\\/\"},{\"@type\":\"ListItem\",\"position\":2,\"name\":\"Terms and conditions\"}]},{\"@type\":\"WebSite\",\"@id\":\"https:\\\/\\\/www.multitra.com\\\/#website\",\"url\":\"https:\\\/\\\/www.multitra.com\\\/\",\"name\":\"Multitra\",\"description\":\"Votre partenaire logistique\",\"potentialAction\":[{\"@type\":\"SearchAction\",\"target\":{\"@type\":\"EntryPoint\",\"urlTemplate\":\"https:\\\/\\\/www.multitra.com\\\/?s={search_term_string}\"},\"query-input\":{\"@type\":\"PropertyValueSpecification\",\"valueRequired\":true,\"valueName\":\"search_term_string\"}}],\"inLanguage\":\"en-US\"}]}<\/script>\n<!-- \/ Yoast SEO plugin. -->","yoast_head_json":{"title":"Terms and conditions - Multitra","robots":{"index":"index","follow":"follow","max-snippet":"max-snippet:-1","max-image-preview":"max-image-preview:large","max-video-preview":"max-video-preview:-1"},"canonical":"https:\/\/www.multitra.com\/conditions-generales\/?lang=en","og_locale":"en_US","og_type":"article","og_title":"Terms and conditions - Multitra","og_description":"Toutes les prestations de MULTITRA et de MULTITRA LOGISTICS sont soumises aux conditions g\u00e9n\u00e9rales belges d\u2019exp\u00e9dition de 2005. Le texte de ces conditions a \u00e9t\u00e9 publi\u00e9 dans l\u2019annexe au moniteur Belge du 24 juin 2005 sous le n\u00b0 0090237 et est disponible sur simple demande. Il peut aussi \u00eatre visualis\u00e9 en ligne en mode image [&hellip;]","og_url":"https:\/\/www.multitra.com\/conditions-generales\/?lang=en","og_site_name":"Multitra","article_modified_time":"2021-12-01T12:53:28+00:00","twitter_card":"summary_large_image","twitter_misc":{"Est. reading time":"1 minute"},"schema":{"@context":"https:\/\/schema.org","@graph":[{"@type":"WebPage","@id":"https:\/\/www.multitra.com\/conditions-generales\/?lang=en","url":"https:\/\/www.multitra.com\/conditions-generales\/?lang=en","name":"Terms and conditions - Multitra","isPartOf":{"@id":"https:\/\/www.multitra.com\/#website"},"datePublished":"2021-08-02T11:28:06+00:00","dateModified":"2021-12-01T12:53:28+00:00","breadcrumb":{"@id":"https:\/\/www.multitra.com\/conditions-generales\/?lang=en#breadcrumb"},"inLanguage":"en-US","potentialAction":[{"@type":"ReadAction","target":["https:\/\/www.multitra.com\/conditions-generales\/?lang=en"]}]},{"@type":"BreadcrumbList","@id":"https:\/\/www.multitra.com\/conditions-generales\/?lang=en#breadcrumb","itemListElement":[{"@type":"ListItem","position":1,"name":"Accueil","item":"https:\/\/www.multitra.com\/en\/"},{"@type":"ListItem","position":2,"name":"Terms and conditions"}]},{"@type":"WebSite","@id":"https:\/\/www.multitra.com\/#website","url":"https:\/\/www.multitra.com\/","name":"Multitra","description":"Votre partenaire logistique","potentialAction":[{"@type":"SearchAction","target":{"@type":"EntryPoint","urlTemplate":"https:\/\/www.multitra.com\/?s={search_term_string}"},"query-input":{"@type":"PropertyValueSpecification","valueRequired":true,"valueName":"search_term_string"}}],"inLanguage":"en-US"}]}},"_links":{"self":[{"href":"https:\/\/www.multitra.com\/en\/wp-json\/wp\/v2\/pages\/1272","targetHints":{"allow":["GET"]}}],"collection":[{"href":"https:\/\/www.multitra.com\/en\/wp-json\/wp\/v2\/pages"}],"about":[{"href":"https:\/\/www.multitra.com\/en\/wp-json\/wp\/v2\/types\/page"}],"author":[{"embeddable":true,"href":"https:\/\/www.multitra.com\/en\/wp-json\/wp\/v2\/users\/1"}],"replies":[{"embeddable":true,"href":"https:\/\/www.multitra.com\/en\/wp-json\/wp\/v2\/comments?post=1272"}],"version-history":[{"count":2,"href":"https:\/\/www.multitra.com\/en\/wp-json\/wp\/v2\/pages\/1272\/revisions"}],"predecessor-version":[{"id":1294,"href":"https:\/\/www.multitra.com\/en\/wp-json\/wp\/v2\/pages\/1272\/revisions\/1294"}],"wp:attachment":[{"href":"https:\/\/www.multitra.com\/en\/wp-json\/wp\/v2\/media?parent=1272"}],"curies":[{"name":"wp","href":"https:\/\/api.w.org\/{rel}","templated":true}]}}